{"id":11716,"date":"2017-04-07T22:46:45","date_gmt":"2017-04-07T22:46:45","guid":{"rendered":"https:\/\/www.ice-dance.com\/site\/?page_id=11716"},"modified":"2017-04-07T22:50:09","modified_gmt":"2017-04-07T22:50:09","slug":"event-coverage-2011-canadian-national-championships","status":"publish","type":"page","link":"https:\/\/www.ice-dance.com\/site\/event-coverage-2011-canadian-national-championships\/","title":{"rendered":"Event Coverage &#8211; 2011 Canadian National Championships"},"content":{"rendered":"<p>[et_pb_section bb_built=&#8221;1&#8243; admin_label=&#8221;Section&#8221; transparent_background=&#8221;off&#8221; allow_player_pause=&#8221;off&#8221; inner_shadow=&#8221;off&#8221; parallax=&#8221;off&#8221; parallax_method=&#8221;on&#8221; padding_mobile=&#8221;off&#8221; make_fullwidth=&#8221;off&#8221; use_custom_width=&#8221;off&#8221; width_unit=&#8221;off&#8221; custom_width_px=&#8221;1080px&#8221; custom_width_percent=&#8221;80%&#8221; make_equal=&#8221;off&#8221; use_custom_gutter=&#8221;off&#8221; fullwidth=&#8221;on&#8221; specialty=&#8221;off&#8221; disabled=&#8221;off&#8221;][et_pb_fullwidth_image admin_label=&#8221;Fullwidth Image&#8221; src=&#8221;https:\/\/www.ice-dance.com\/site\/wp-content\/uploads\/2017\/04\/2011cannatsheader.jpg&#8221; show_in_lightbox=&#8221;off&#8221; url_new_window=&#8221;off&#8221; use_overlay=&#8221;off&#8221; animation=&#8221;off&#8221; use_border_color=&#8221;off&#8221; border_color=&#8221;#ffffff&#8221; border_style=&#8221;solid&#8221; disabled=&#8221;off&#8221;]<\/p>\n<p>&nbsp;<\/p>\n<p>[\/et_pb_fullwidth_image][\/et_pb_section][et_pb_section bb_built=&#8221;1&#8243; admin_label=&#8221;section&#8221; transparent_background=&#8221;off&#8221; allow_player_pause=&#8221;off&#8221; inner_shadow=&#8221;off&#8221; parallax=&#8221;off&#8221; parallax_method=&#8221;on&#8221; custom_padding=&#8221;41.3906px|0px|16px|0px&#8221; padding_mobile=&#8221;off&#8221; make_fullwidth=&#8221;off&#8221; use_custom_width=&#8221;off&#8221; width_unit=&#8221;off&#8221; custom_width_px=&#8221;1080px&#8221; custom_width_percent=&#8221;80%&#8221; make_equal=&#8221;off&#8221; use_custom_gutter=&#8221;off&#8221; fullwidth=&#8221;off&#8221; specialty=&#8221;off&#8221; disabled=&#8221;off&#8221;][et_pb_row admin_label=&#8221;Row&#8221;][et_pb_column type=&#8221;1_3&#8243;][et_pb_text admin_label=&#8221;Text&#8221; background_layout=&#8221;light&#8221; text_orientation=&#8221;left&#8221; use_border_color=&#8221;off&#8221; border_color=&#8221;#ffffff&#8221; border_style=&#8221;solid&#8221;]<\/p>\n<p><strong>NAVIGATION<\/strong><\/p>\n<ul>\n<li><a href=\"https:\/\/www.ice-dance.com\/site\/2011-canadian-nationals-championships-novice-recap\/\" target=\"_blank\">Novice Recap<\/a><\/li>\n<li><a href=\"https:\/\/www.ice-dance.com\/site\/2011-canadian-nationals-championships-junior-recap\/\" target=\"_blank\">Junior Recap<\/a><\/li>\n<li><a href=\"http:\/\/photos.ice-dance.com\/2010-11\/2011CanadianNationalChampionships\/\" target=\"_blank\">Photographs<\/a><\/li>\n<li><a href=\"https:\/\/www.ice-dance.com\/site\/team-idc-blog-2011-canadian-nationals\/\" target=\"_blank\">Team IDC Blog<\/a><\/li>\n<\/ul>\n<p>[\/et_pb_text][\/et_pb_column][et_pb_column type=&#8221;2_3&#8243;][et_pb_text admin_label=&#8221;Page Text \/ Info&#8221; background_layout=&#8221;light&#8221; text_orientation=&#8221;left&#8221; use_border_color=&#8221;off&#8221; border_style=&#8221;solid&#8221; disabled=&#8221;off&#8221; border_color=&#8221;#ffffff&#8221;]<\/p>\n<h2 style=\"text-align: center;\">Welcome to our Canadian\u00a0National Coverage Page<\/h2>\n<p class=\"style14\" align=\"justify\">Ice-dance.com covered\u00a0the ice dance events at the 2011 Canadian National Championships from January 17-23, 2011 in Victoria, BC. \u00a0\u00a0<\/p>\n<p><span class=\"style2\">Feedback is appreciated! Feel free to contact us before, during or after the event via our contact form.<\/span><\/p>\n<p>[\/et_pb_text][\/et_pb_column][\/et_pb_row][\/et_pb_section][et_pb_section bb_built=&#8221;1&#8243; admin_label=&#8221;Section&#8221; transparent_background=&#8221;off&#8221; allow_player_pause=&#8221;off&#8221; inner_shadow=&#8221;off&#8221; parallax=&#8221;off&#8221; parallax_method=&#8221;on&#8221; custom_padding=&#8221;16px|0px|41.3906px|0px&#8221; padding_mobile=&#8221;off&#8221; make_fullwidth=&#8221;off&#8221; use_custom_width=&#8221;off&#8221; width_unit=&#8221;off&#8221; custom_width_px=&#8221;1080px&#8221; custom_width_percent=&#8221;80%&#8221; make_equal=&#8221;off&#8221; use_custom_gutter=&#8221;off&#8221; fullwidth=&#8221;off&#8221; specialty=&#8221;off&#8221; disabled=&#8221;off&#8221;][et_pb_row admin_label=&#8221;Row&#8221; make_fullwidth=&#8221;off&#8221; use_custom_width=&#8221;off&#8221; width_unit=&#8221;off&#8221; custom_width_px=&#8221;1080px&#8221; custom_width_percent=&#8221;80%&#8221; use_custom_gutter=&#8221;off&#8221; gutter_width=&#8221;2&#8243; padding_mobile=&#8221;off&#8221; allow_player_pause=&#8221;off&#8221; parallax=&#8221;off&#8221; parallax_method=&#8221;on&#8221; make_equal=&#8221;off&#8221; column_padding_mobile=&#8221;on&#8221; parallax_1=&#8221;off&#8221; parallax_method_1=&#8221;on&#8221; parallax_2=&#8221;off&#8221; parallax_method_2=&#8221;on&#8221; parallax_3=&#8221;off&#8221; parallax_method_3=&#8221;on&#8221; parallax_4=&#8221;off&#8221; parallax_method_4=&#8221;on&#8221; disabled=&#8221;off&#8221;][et_pb_column type=&#8221;4_4&#8243;][et_pb_accordion admin_label=&#8221;Accordion&#8221; use_border_color=&#8221;off&#8221; border_color=&#8221;#ffffff&#8221; border_style=&#8221;solid&#8221; disabled=&#8221;off&#8221;] [et_pb_accordion_item title=&#8221;Competitors&#8221;]<\/p>\n<p><strong>SENIOR ICE DANCE ROSTER:<\/strong><\/p>\n<ul>\n<li>Sarah Arnold &amp; Justin Trojek<\/li>\n<li>Alexa-Marie Arrotta &amp; Martin Nickel<\/li>\n<li>Anne-Chlo\u00e9 Bissonnette &amp; Dylan Lockey<\/li>\n<li>Vanessa Crone &amp; Paul Poirier<\/li>\n<li>Audrey Dupont &amp; Marcus Connolly<\/li>\n<li>Tarrah Harvey &amp; Keith Gagnon<\/li>\n<li>H\u00e9l\u00e8ne L\u00e9tourneau &amp; Kevin Boczar<\/li>\n<li>Alexandra Paul &amp; Mitchell Islam<\/li>\n<li>\u00a0Kharis Ralph &amp; Asher Hill<\/li>\n<li>Tessa Virtue &amp; Scott Moir<\/li>\n<li>Kaitlyn Weaver &amp; Andrew Poje<\/li>\n<\/ul>\n<p>\n<strong>JUNIOR ICE DANCE ROSTER:<\/strong><strong>\u00a0<\/strong><\/p>\n<ul>\n<li>Sara Aghai &amp; Qwynn Dalmer<\/li>\n<li>Josyane Cholette &amp; Simon Proulx-S\u00e9n\u00e9cal<\/li>\n<li>Sarah Clarke &amp; Steven Clarke<\/li>\n<li>Laurence Darveau &amp; Jonathan Arcieri<\/li>\n<li>Laurence Fournier-Beaudry &amp; Yoan Breton<\/li>\n<li>Victoria Hasegawa &amp; Connor Hasegawa<\/li>\n<li>Jazz Smyl Joly &amp; Ryan Behnia<\/li>\n<li>Olga Loudvinevitch &amp; Benjamin Mulder<\/li>\n<li>Jade Marrow &amp; Allan Stoll<\/li>\n<li>Kelly Oliveira &amp; Jordan Hockley<\/li>\n<li>Nicole Orford &amp; Thomas Williams<\/li>\n<li>Elisabeth Paradis &amp; Fran\u00e7ois-Xavier Ouellette<\/li>\n<li>Andr\u00e9anne Poulin &amp; Marc-Andr\u00e9 Servant<\/li>\n<li>Carolane Soucisse &amp; Benjamin Smyth<\/li>\n<li>Larissa Van As &amp; Troy Shindle<\/li>\n<\/ul>\n<p><strong><br \/>\nNOVICE ICE DANCE ROSTER:<\/strong><\/p>\n<ul>\n<li>Courtney Baay &amp; Drew Wolfe<\/li>\n<li>Mackenzie Bent &amp; Garrett MacKeen<\/li>\n<li>Noa Bruser &amp; Timothy Lum<\/li>\n<li>Lauren Collins &amp; Danny Seymour<\/li>\n<li>Caelen Dalmer &amp; Shane Firus<\/li>\n<li>Katie Desveaux &amp; Dmitre Razgulajevs<\/li>\n<li>Madeline Edwards &amp; Zhao Kai Pang<\/li>\n<li>Judith Jean-Lachapelle &amp; Alexandre Lalibert\u00e9<\/li>\n<li>Pilar Maekawa &amp; Leonardo Maekawa<\/li>\n<li>Rebecca Nelles &amp; Nicholas Lettner<\/li>\n<li>Jayden Rau &amp; Alexander Green<\/li>\n<li>Chelsea Robinson &amp; Nicholas Toth<\/li>\n<li>Elise von Holwede &amp; Rhys Jones<\/li>\n<li>Sara Yacobi-Harris &amp; Raphael Yacobi-Harris<\/li>\n<li>Jenna Zaleski &amp; Andrew Deweyert<\/li>\n<\/ul>\n<p>[\/et_pb_accordion_item][et_pb_accordion_item title=&#8221;Schedule&#8221;]<\/p>\n<table border=\"0\" width=\"60%\" cellspacing=\"5\" cellpadding=\"5\">\n<tbody>\n<tr>\n<td colspan=\"2\"><strong>MONDAY, JANUARY 17<\/strong><\/td>\n<\/tr>\n<tr>\n<td width=\"20%\">8:55 AM<\/td>\n<td width=\"80%\">Novice Pattern Dances<\/td>\n<\/tr>\n<tr>\n<td colspan=\"2\">\u00a0<\/td>\n<\/tr>\n<tr>\n<td colspan=\"2\"><strong>TUESDAY, JANUARY 18<\/strong><\/td>\n<\/tr>\n<tr>\n<td>9:00 AM<\/td>\n<td>Novice Free Dance<\/td>\n<\/tr>\n<tr>\n<td colspan=\"2\">\u00a0<\/td>\n<\/tr>\n<tr>\n<td colspan=\"2\"><strong>WEDNESDAY, JANUARY 19<\/strong><\/td>\n<\/tr>\n<tr>\n<td>6:00 PM<\/td>\n<td>Junior Short Dance<\/td>\n<\/tr>\n<tr>\n<td colspan=\"2\">\u00a0<\/td>\n<\/tr>\n<tr>\n<td colspan=\"2\"><strong>THURSDAY, JANUARY 20<\/strong><\/td>\n<\/tr>\n<tr>\n<td>5:30 PM<\/td>\n<td>Junior Free Dance<\/td>\n<\/tr>\n<tr>\n<td colspan=\"2\">\u00a0<\/td>\n<\/tr>\n<tr>\n<td colspan=\"2\"><strong>FRIDAY, JANUARY 21<\/strong><\/td>\n<\/tr>\n<tr>\n<td>3:50 PM<\/td>\n<td>Senior Short Dance<\/td>\n<\/tr>\n<tr>\n<td colspan=\"2\">\u00a0<\/td>\n<\/tr>\n<tr>\n<td colspan=\"2\"><strong>SUNDAY, JANUARY 23<\/strong><\/td>\n<\/tr>\n<tr>\n<td>12:00 PM<\/td>\n<td>Senior Free Dance<\/td>\n<\/tr>\n<\/tbody>\n<\/table>\n<p>[\/et_pb_accordion_item] [\/et_pb_accordion][\/et_pb_column][\/et_pb_row][\/et_pb_section]<\/p>\n","protected":false},"excerpt":{"rendered":"<p>NAVIGATION Novice Recap&#8230;<\/p>\n","protected":false},"author":1,"featured_media":0,"parent":0,"menu_order":0,"comment_status":"closed","ping_status":"closed","template":"","meta":{"_et_pb_use_builder":"on","_et_pb_old_content":"","_et_gb_content_width":"","_gspb_post_css":"","_uag_custom_page_level_css":"","_themeisle_gutenberg_block_has_review":false,"footnotes":"","_links_to":"","_links_to_target":""},"class_list":["post-11716","page","type-page","status-publish","hentry"],"blocksy_meta":[],"uagb_featured_image_src":{"full":false,"thumbnail":false,"medium":false,"medium_large":false,"large":false,"1536x1536":false,"2048x2048":false,"et-pb-post-main-image":false,"et-pb-post-main-image-fullwidth":false,"et-pb-portfolio-image":false,"et-pb-portfolio-module-image":false,"et-pb-portfolio-image-single":false,"et-pb-gallery-module-image-portrait":false,"rpwe-thumbnail":false},"uagb_author_info":{"display_name":"Team IDC","author_link":"https:\/\/www.ice-dance.com\/site\/author\/idcadmin\/"},"uagb_comment_info":0,"uagb_excerpt":"NAVIGATION Novice Recap...","jetpack_shortlink":"https:\/\/wp.me\/P7GOSM-32Y","jetpack_sharing_enabled":true,"_links":{"self":[{"href":"https:\/\/www.ice-dance.com\/site\/wp-json\/wp\/v2\/pages\/11716","targetHints":{"allow":["GET"]}}],"collection":[{"href":"https:\/\/www.ice-dance.com\/site\/wp-json\/wp\/v2\/pages"}],"about":[{"href":"https:\/\/www.ice-dance.com\/site\/wp-json\/wp\/v2\/types\/page"}],"author":[{"embeddable":true,"href":"https:\/\/www.ice-dance.com\/site\/wp-json\/wp\/v2\/users\/1"}],"replies":[{"embeddable":true,"href":"https:\/\/www.ice-dance.com\/site\/wp-json\/wp\/v2\/comments?post=11716"}],"version-history":[{"count":2,"href":"https:\/\/www.ice-dance.com\/site\/wp-json\/wp\/v2\/pages\/11716\/revisions"}],"predecessor-version":[{"id":11736,"href":"https:\/\/www.ice-dance.com\/site\/wp-json\/wp\/v2\/pages\/11716\/revisions\/11736"}],"wp:attachment":[{"href":"https:\/\/www.ice-dance.com\/site\/wp-json\/wp\/v2\/media?parent=11716"}],"curies":[{"name":"wp","href":"https:\/\/api.w.org\/{rel}","templated":true}]}}