{"id":16084,"date":"2018-05-13T12:18:45","date_gmt":"2018-05-13T16:18:45","guid":{"rendered":"https:\/\/www.ice-dance.com\/site\/?page_id=16084"},"modified":"2023-12-31T16:34:01","modified_gmt":"2023-12-31T21:34:01","slug":"results-2017-2018","status":"publish","type":"page","link":"https:\/\/www.ice-dance.com\/site\/results\/results-archive\/results-2017-2018\/","title":{"rendered":"Results Archive 2017-2018"},"content":{"rendered":"<ul class=\"wp-block-latest-posts__list wp-block-latest-posts\"><li><a class=\"wp-block-latest-posts__post-title\" href=\"https:\/\/www.ice-dance.com\/site\/results-2018-world-championships\/\">Results &#8211; 2018 World Championships<\/a><\/li>\n<li><a class=\"wp-block-latest-posts__post-title\" href=\"https:\/\/www.ice-dance.com\/site\/results-2018-italian-national-novice-championships\/\">Results &#8211; 2018 Italian National Novice Championships<\/a><\/li>\n<li><a class=\"wp-block-latest-posts__post-title\" href=\"https:\/\/www.ice-dance.com\/site\/results-2018-tallinn-open-ice-dance-championships\/\">Results &#8211; 2018 Tallinn Open Ice Dance Championships<\/a><\/li>\n<li><a class=\"wp-block-latest-posts__post-title\" href=\"https:\/\/www.ice-dance.com\/site\/results-2018-world-junior-championships\/\">Results &#8211; 2018 World Junior Championships<\/a><\/li>\n<li><a class=\"wp-block-latest-posts__post-title\" href=\"https:\/\/www.ice-dance.com\/site\/results-2018-french-national-championships\/\">Results &#8211; 2018 French National Championships<\/a><\/li>\n<li><a class=\"wp-block-latest-posts__post-title\" href=\"https:\/\/www.ice-dance.com\/site\/results-2018-olympics\/\">Results &#8211; 2018 Olympics<\/a><\/li>\n<li><a class=\"wp-block-latest-posts__post-title\" href=\"https:\/\/www.ice-dance.com\/site\/results-2018-egna-dance-trophy\/\">Results &#8211; 2018 Egna Dance Trophy<\/a><\/li>\n<li><a class=\"wp-block-latest-posts__post-title\" href=\"https:\/\/www.ice-dance.com\/site\/results-2018-mentor-torun-cup\/\">Results &#8211; 2018 Mentor Torun Cup<\/a><\/li>\n<li><a class=\"wp-block-latest-posts__post-title\" href=\"https:\/\/www.ice-dance.com\/site\/results-2018-bavarian-open\/\">Results &#8211; 2018 Bavarian Open<\/a><\/li>\n<li><a class=\"wp-block-latest-posts__post-title\" href=\"https:\/\/www.ice-dance.com\/site\/results-2018-russian-junior-national-championships\/\">Results &#8211; 2018 Russian Junior National Championships<\/a><\/li>\n<li><a class=\"wp-block-latest-posts__post-title\" href=\"https:\/\/www.ice-dance.com\/site\/results-2018-four-continents-championships\/\">Results &#8211; 2018 Four Continents Championships<\/a><\/li>\n<li><a class=\"wp-block-latest-posts__post-title\" href=\"https:\/\/www.ice-dance.com\/site\/results-2018-european-championships\/\">Results &#8211; 2018 European Championships<\/a><\/li>\n<li><a class=\"wp-block-latest-posts__post-title\" href=\"https:\/\/www.ice-dance.com\/site\/results-2018-canadian-national-championships\/\">Results &#8211; 2018 Canadian National Championships<\/a><\/li>\n<li><a class=\"wp-block-latest-posts__post-title\" href=\"https:\/\/www.ice-dance.com\/site\/results-2018-u-s-national-championships\/\">Results &#8211; 2018 U.S. National Championships<\/a><\/li>\n<li><a class=\"wp-block-latest-posts__post-title\" href=\"https:\/\/www.ice-dance.com\/site\/results-2017-japan-national-championships\/\">Results &#8211; 2017 Japan National Championships<\/a><\/li>\n<li><a class=\"wp-block-latest-posts__post-title\" href=\"https:\/\/www.ice-dance.com\/site\/results-2018-russian-national-championships\/\">Results &#8211; 2018 Russian National Championships<\/a><\/li>\n<li><a class=\"wp-block-latest-posts__post-title\" href=\"https:\/\/www.ice-dance.com\/site\/results-2017-reval-skate-open\/\">Results &#8211; 2017 Reval Skate Open<\/a><\/li>\n<li><a class=\"wp-block-latest-posts__post-title\" href=\"https:\/\/www.ice-dance.com\/site\/results-2017-spanish-national-championships\/\">Results &#8211; 2017 Spanish National Championships<\/a><\/li>\n<li><a class=\"wp-block-latest-posts__post-title\" href=\"https:\/\/www.ice-dance.com\/site\/results-2017-18-swedish-national-championships\/\">Results &#8211; 2017\/18 Swedish National Championships<\/a><\/li>\n<li><a class=\"wp-block-latest-posts__post-title\" href=\"https:\/\/www.ice-dance.com\/site\/results-2018-finnish-national-championships\/\">Results &#8211; 2018 Finnish National Championships<\/a><\/li>\n<li><a class=\"wp-block-latest-posts__post-title\" href=\"https:\/\/www.ice-dance.com\/site\/results-2018-italian-national-championships\/\">Results &#8211; 2018 Italian National Championships<\/a><\/li>\n<li><a class=\"wp-block-latest-posts__post-title\" href=\"https:\/\/www.ice-dance.com\/site\/results-2018-four-nationals-championships\/\">Results &#8211; 2018 Four Nationals Championships<\/a><\/li>\n<li><a class=\"wp-block-latest-posts__post-title\" href=\"https:\/\/www.ice-dance.com\/site\/results-2018-swiss-national-championships\/\">Results &#8211; 2018 Swiss National Championships<\/a><\/li>\n<li><a class=\"wp-block-latest-posts__post-title\" href=\"https:\/\/www.ice-dance.com\/site\/results-2018-german-national-championships\/\">Results &#8211; 2018 German National Championships<\/a><\/li>\n<li><a class=\"wp-block-latest-posts__post-title\" href=\"https:\/\/www.ice-dance.com\/site\/results-2017-french-national-championships-2\/\">Results &#8211; 2017 French National Championships<\/a><\/li>\n<li><a class=\"wp-block-latest-posts__post-title\" href=\"https:\/\/www.ice-dance.com\/site\/results-2018-estonian-national-championships\/\">Results &#8211; 2018 Estonian National Championships<\/a><\/li>\n<li><a class=\"wp-block-latest-posts__post-title\" href=\"https:\/\/www.ice-dance.com\/site\/results-2017-santa-claus-cup\/\">Results &#8211; 2017 Santa Claus Cup<\/a><\/li>\n<li><a class=\"wp-block-latest-posts__post-title\" href=\"https:\/\/www.ice-dance.com\/site\/results-2017-junior-senior-grand-prix-final\/\">Results &#8211; 2017 Junior &#038; Senior Grand Prix Final<\/a><\/li>\n<li><a class=\"wp-block-latest-posts__post-title\" href=\"https:\/\/www.ice-dance.com\/site\/results-2017-golden-spin-of-zagreb\/\">Results &#8211; 2017 Golden Spin of Zagreb<\/a><\/li>\n<li><a class=\"wp-block-latest-posts__post-title\" href=\"https:\/\/www.ice-dance.com\/site\/results-2018-skate-canada-challenge\/\">Results &#8211; 2018 Skate Canada Challenge<\/a><\/li>\n<li><a class=\"wp-block-latest-posts__post-title\" href=\"https:\/\/www.ice-dance.com\/site\/results-2017-british-national-championships\/\">Results &#8211; 2017 British National Championships<\/a><\/li>\n<li><a class=\"wp-block-latest-posts__post-title\" href=\"https:\/\/www.ice-dance.com\/site\/results-2017-ukraine-nationals-for-young-skaters\/\">Results &#8211; 2017 Ukraine Nationals for Young Skaters<\/a><\/li>\n<li><a class=\"wp-block-latest-posts__post-title\" href=\"https:\/\/www.ice-dance.com\/site\/results-2017-skate-america\/\">Results &#8211; 2017 Skate America<\/a><\/li>\n<li><a class=\"wp-block-latest-posts__post-title\" href=\"https:\/\/www.ice-dance.com\/site\/results-2017-japan-national-junior-championships\/\">Results &#8211; 2017 Japan National Junior Championships<\/a><\/li>\n<li><a class=\"wp-block-latest-posts__post-title\" href=\"https:\/\/www.ice-dance.com\/site\/results-2017-open-dandorra\/\">Results &#8211; 2017 Open d&#8217;Andorra<\/a><\/li>\n<li><a class=\"wp-block-latest-posts__post-title\" href=\"https:\/\/www.ice-dance.com\/site\/results-2017-tallinn-trophy-interclub-competition\/\">Results &#8211; 2017 Tallinn Trophy Interclub Competition<\/a><\/li>\n<li><a class=\"wp-block-latest-posts__post-title\" href=\"https:\/\/www.ice-dance.com\/site\/results-2017-tallinn-trophy-international-competition\/\">Results &#8211; 2017 Tallinn Trophy International Competition<\/a><\/li>\n<li><a class=\"wp-block-latest-posts__post-title\" href=\"https:\/\/www.ice-dance.com\/site\/results-2017-tallinn-trophy\/\">Results &#8211; 2017 Tallinn Trophy<\/a><\/li>\n<li><a class=\"wp-block-latest-posts__post-title\" href=\"https:\/\/www.ice-dance.com\/site\/results-2017-shanghai-trophy\/\">Results &#8211; 2017 Shanghai Trophy<\/a><\/li>\n<li><a class=\"wp-block-latest-posts__post-title\" href=\"https:\/\/www.ice-dance.com\/site\/results-2018-pacific-coast-sectional-championships\/\">Results &#8211; 2018 Pacific Coast Sectional Championships<\/a><\/li>\n<li><a class=\"wp-block-latest-posts__post-title\" href=\"https:\/\/www.ice-dance.com\/site\/results-2018-midwestern-sectional-championships\/\">Results &#8211; 2018 Midwestern Sectional Championships<\/a><\/li>\n<li><a class=\"wp-block-latest-posts__post-title\" href=\"https:\/\/www.ice-dance.com\/site\/results-2018-eastern-sectional-championships\/\">Results &#8211; 2018 Eastern Sectional Championships<\/a><\/li>\n<li><a class=\"wp-block-latest-posts__post-title\" href=\"https:\/\/www.ice-dance.com\/site\/results-2017-internationaux-de-france\/\">Results &#8211; 2017 Internationaux de France<\/a><\/li>\n<li><a class=\"wp-block-latest-posts__post-title\" href=\"https:\/\/www.ice-dance.com\/site\/results-2017-warsaw-cup\/\">Results &#8211; 2017 Warsaw Cup<\/a><\/li>\n<li><a class=\"wp-block-latest-posts__post-title\" href=\"https:\/\/www.ice-dance.com\/site\/results-2017-leu-scheu-memorial\/\">Results &#8211; 2017 Leu Scheu Memorial<\/a><\/li>\n<li><a class=\"wp-block-latest-posts__post-title\" href=\"https:\/\/www.ice-dance.com\/site\/results-2017-ice-challenge\/\">Results &#8211; 2017 Ice Challenge<\/a><\/li>\n<li><a class=\"wp-block-latest-posts__post-title\" href=\"https:\/\/www.ice-dance.com\/site\/results-2017-nhk-trophy\/\">Results &#8211; 2017 NHK Trophy<\/a><\/li>\n<li><a class=\"wp-block-latest-posts__post-title\" href=\"https:\/\/www.ice-dance.com\/site\/results-2017-volvo-open-cup\/\">Results &#8211; 2017 Volvo Open Cup<\/a><\/li>\n<li><a class=\"wp-block-latest-posts__post-title\" href=\"https:\/\/www.ice-dance.com\/site\/results-2018-alberta-nwtnunavut-sectional-championships\/\">Results &#8211; 2018 Alberta-NWT\/Nunavut Sectional Championships<\/a><\/li>\n<li><a class=\"wp-block-latest-posts__post-title\" href=\"https:\/\/www.ice-dance.com\/site\/results-2018-skate-ontario-sectional-championships\/\">Results &#8211; 2018 Skate Ontario Sectional Championships<\/a><\/li>\n<li><a class=\"wp-block-latest-posts__post-title\" href=\"https:\/\/www.ice-dance.com\/site\/results-2018-quebec-sectional-championships\/\">Results &#8211; 2018 Quebec Sectional Championships<\/a><\/li>\n<li><a class=\"wp-block-latest-posts__post-title\" href=\"https:\/\/www.ice-dance.com\/site\/results-2017-cup-of-china\/\">Results &#8211; 2017 Cup of China<\/a><\/li>\n<li><a class=\"wp-block-latest-posts__post-title\" href=\"https:\/\/www.ice-dance.com\/site\/results-2017-minsk-arena-ice-star-junior-novice\/\">Results &#8211; 2017 Minsk-Arena Ice Star (Junior &#038; Novice)<\/a><\/li>\n<li><a class=\"wp-block-latest-posts__post-title\" href=\"https:\/\/www.ice-dance.com\/site\/results-2017-skate-canada\/\">Results &#8211; 2017 Skate Canada<\/a><\/li>\n<li><a class=\"wp-block-latest-posts__post-title\" href=\"https:\/\/www.ice-dance.com\/site\/results-2017-minsk-arena-ice-star\/\">Results &#8211; 2017 Minsk-Arena Ice Star<\/a><\/li>\n<li><a class=\"wp-block-latest-posts__post-title\" href=\"https:\/\/www.ice-dance.com\/site\/results-2017-japan-national-novice-championship\/\">Results &#8211; 2017 Japan National Novice Championship<\/a><\/li>\n<li><a class=\"wp-block-latest-posts__post-title\" href=\"https:\/\/www.ice-dance.com\/site\/results-2017-halloween-cup\/\">Results &#8211; 2017 Halloween Cup<\/a><\/li>\n<li><a class=\"wp-block-latest-posts__post-title\" href=\"https:\/\/www.ice-dance.com\/site\/results-2017-rostelecom-cup\/\">Results &#8211; 2017 Rostelecom Cup<\/a><\/li>\n<li><a class=\"wp-block-latest-posts__post-title\" href=\"https:\/\/www.ice-dance.com\/site\/results-2017-octoberfest\/\">Results &#8211; 2017 Octoberfest<\/a><\/li>\n<li><a class=\"wp-block-latest-posts__post-title\" href=\"https:\/\/www.ice-dance.com\/site\/results-2017-international-cup-of-nice\/\">Results &#8211; 2017 International Cup of Nice<\/a><\/li>\n<li><a class=\"wp-block-latest-posts__post-title\" href=\"https:\/\/www.ice-dance.com\/site\/results-2017-junior-grand-prix-egna-neumarkt\/\">Results &#8211; 2017 Junior Grand Prix Egna Neumarkt<\/a><\/li>\n<li><a class=\"wp-block-latest-posts__post-title\" href=\"https:\/\/www.ice-dance.com\/site\/results-2017-finlandia-trophy\/\">Results &#8211; 2017 Finlandia Trophy<\/a><\/li>\n<li><a class=\"wp-block-latest-posts__post-title\" href=\"https:\/\/www.ice-dance.com\/site\/results-2017-junior-grand-prix-baltic-cup\/\">Results &#8211; 2017 Junior Grand Prix Baltic Cup<\/a><\/li>\n<li><a class=\"wp-block-latest-posts__post-title\" href=\"https:\/\/www.ice-dance.com\/site\/results-2017-masters-de-patinage\/\">Results &#8211; 2017 Masters de Patinage<\/a><\/li>\n<li><a class=\"wp-block-latest-posts__post-title\" href=\"https:\/\/www.ice-dance.com\/site\/results-2017-nebelhorn-trophy\/\">Results &#8211; 2017 Nebelhorn Trophy<\/a><\/li>\n<li><a class=\"wp-block-latest-posts__post-title\" href=\"https:\/\/www.ice-dance.com\/site\/results-2017-junior-grand-prix-croatia-cup\/\">Results &#8211; 2017 Junior Grand Prix Croatia Cup<\/a><\/li>\n<li><a class=\"wp-block-latest-posts__post-title\" href=\"https:\/\/www.ice-dance.com\/site\/results-2017-autumn-classic-international\/\">Results &#8211; 2017 Autumn Classic International<\/a><\/li>\n<li><a class=\"wp-block-latest-posts__post-title\" href=\"https:\/\/www.ice-dance.com\/site\/results-2017-ondrej-nepela-trophy\/\">Results &#8211; 2017 Ondrej Nepela Trophy<\/a><\/li>\n<li><a class=\"wp-block-latest-posts__post-title\" href=\"https:\/\/www.ice-dance.com\/site\/results-2017-junior-grand-prix-minsk-arena-cup\/\">Results &#8211; 2017 Junior Grand Prix Minsk Arena Cup<\/a><\/li>\n<li><a class=\"wp-block-latest-posts__post-title\" href=\"https:\/\/www.ice-dance.com\/site\/results-2017-challenge-cup\/\">Results &#8211; 2017 Challenge Cup<\/a><\/li>\n<li><a class=\"wp-block-latest-posts__post-title\" href=\"https:\/\/www.ice-dance.com\/site\/results-2017-novice-junior-challenge-skate\/\">Results &#8211; 2017 Novice Junior Challenge Skate<\/a><\/li>\n<li><a class=\"wp-block-latest-posts__post-title\" href=\"https:\/\/www.ice-dance.com\/site\/results-2017-u-s-international-classic\/\">Results &#8211; 2017 U.S. International Classic<\/a><\/li>\n<li><a class=\"wp-block-latest-posts__post-title\" href=\"https:\/\/www.ice-dance.com\/site\/results-2017-lombardia-trophy\/\">Results &#8211; 2017 Lombardia Trophy<\/a><\/li>\n<li><a class=\"wp-block-latest-posts__post-title\" href=\"https:\/\/www.ice-dance.com\/site\/results-2017-junior-grand-prix-riga-cup\/\">Results &#8211; 2017 Junior Grand Prix Riga Cup<\/a><\/li>\n<li><a class=\"wp-block-latest-posts__post-title\" href=\"https:\/\/www.ice-dance.com\/site\/results-2017-junior-grand-prix-cup-of-austria\/\">Results &#8211; 2017 Junior Grand Prix Cup of Austria<\/a><\/li>\n<li><a class=\"wp-block-latest-posts__post-title\" href=\"https:\/\/www.ice-dance.com\/site\/results-2017-junior-grand-prix-brisbane\/\">Results &#8211; 2017 Junior Grand Prix Brisbane<\/a><\/li>\n<li><a class=\"wp-block-latest-posts__post-title\" href=\"https:\/\/www.ice-dance.com\/site\/results-2017-skate-ontario-summer-skate\/\">Results &#8211; 2017 Skate Ontario Summer Skate<\/a><\/li>\n<li><a class=\"wp-block-latest-posts__post-title\" href=\"https:\/\/www.ice-dance.com\/site\/results-2017-bcyk-summerskate\/\">Results &#8211; 2017 BC\/YK SummerSkate<\/a><\/li>\n<li><a class=\"wp-block-latest-posts__post-title\" href=\"https:\/\/www.ice-dance.com\/site\/results-2017-championnats-quebecois-dete\/\">Results &#8211; 2017 Championnats qu\u00e9b\u00e9cois d&#8217;\u00e9t\u00e9<\/a><\/li>\n<li><a class=\"wp-block-latest-posts__post-title\" href=\"https:\/\/www.ice-dance.com\/site\/results-2017-dance-pairs-chicago\/\">Results &#8211; 2017 Dance Pairs Chicago<\/a><\/li>\n<li><a class=\"wp-block-latest-posts__post-title\" href=\"https:\/\/www.ice-dance.com\/site\/results-2017-lake-placid-ice-dance-championships\/\">Results &#8211; 2017 Lake Placid Ice Dance Championships<\/a><\/li>\n<li><a class=\"wp-block-latest-posts__post-title\" href=\"https:\/\/www.ice-dance.com\/site\/results-2017-lake-placid-ice-dance-international\/\">Results &#8211; 2017 Lake Placid Ice Dance International<\/a><\/li>\n<li><a class=\"wp-block-latest-posts__post-title\" href=\"https:\/\/www.ice-dance.com\/site\/results-2017-minto-summer-skate\/\">Results &#8211; 2017 Minto Summer Skate<\/a><\/li>\n<li><a class=\"wp-block-latest-posts__post-title\" href=\"https:\/\/www.ice-dance.com\/site\/results-2017-chesapeake-open\/\">Results &#8211; 2017 Chesapeake Open<\/a><\/li>\n<\/ul>\n\n","protected":false},"excerpt":{"rendered":"","protected":false},"author":1,"featured_media":0,"parent":5136,"menu_order":0,"comment_status":"closed","ping_status":"closed","template":"","meta":{"_et_pb_use_builder":"off","_et_pb_old_content":"","_et_gb_content_width":"","_gspb_post_css":"","_uag_custom_page_level_css":"","_themeisle_gutenberg_block_has_review":false,"footnotes":"","_links_to":"","_links_to_target":""},"class_list":["post-16084","page","type-page","status-publish","hentry"],"blocksy_meta":[],"uagb_featured_image_src":{"full":false,"thumbnail":false,"medium":false,"medium_large":false,"large":false,"1536x1536":false,"2048x2048":false,"et-pb-post-main-image":false,"et-pb-post-main-image-fullwidth":false,"et-pb-portfolio-image":false,"et-pb-portfolio-module-image":false,"et-pb-portfolio-image-single":false,"et-pb-gallery-module-image-portrait":false,"rpwe-thumbnail":false},"uagb_author_info":{"display_name":"Team IDC","author_link":"https:\/\/www.ice-dance.com\/site\/author\/idcadmin\/"},"uagb_comment_info":0,"uagb_excerpt":null,"jetpack_shortlink":"https:\/\/wp.me\/P7GOSM-4bq","jetpack_sharing_enabled":true,"_links":{"self":[{"href":"https:\/\/www.ice-dance.com\/site\/wp-json\/wp\/v2\/pages\/16084","targetHints":{"allow":["GET"]}}],"collection":[{"href":"https:\/\/www.ice-dance.com\/site\/wp-json\/wp\/v2\/pages"}],"about":[{"href":"https:\/\/www.ice-dance.com\/site\/wp-json\/wp\/v2\/types\/page"}],"author":[{"embeddable":true,"href":"https:\/\/www.ice-dance.com\/site\/wp-json\/wp\/v2\/users\/1"}],"replies":[{"embeddable":true,"href":"https:\/\/www.ice-dance.com\/site\/wp-json\/wp\/v2\/comments?post=16084"}],"version-history":[{"count":5,"href":"https:\/\/www.ice-dance.com\/site\/wp-json\/wp\/v2\/pages\/16084\/revisions"}],"predecessor-version":[{"id":34353,"href":"https:\/\/www.ice-dance.com\/site\/wp-json\/wp\/v2\/pages\/16084\/revisions\/34353"}],"up":[{"embeddable":true,"href":"https:\/\/www.ice-dance.com\/site\/wp-json\/wp\/v2\/pages\/5136"}],"wp:attachment":[{"href":"https:\/\/www.ice-dance.com\/site\/wp-json\/wp\/v2\/media?parent=16084"}],"curies":[{"name":"wp","href":"https:\/\/api.w.org\/{rel}","templated":true}]}}