{"id":28776,"date":"2022-06-26T15:02:28","date_gmt":"2022-06-26T19:02:28","guid":{"rendered":"https:\/\/www.ice-dance.com\/site\/?page_id=28776"},"modified":"2023-12-31T16:34:26","modified_gmt":"2023-12-31T21:34:26","slug":"results-archive-2021-2022","status":"publish","type":"page","link":"https:\/\/www.ice-dance.com\/site\/results\/results-archive\/results-archive-2021-2022\/","title":{"rendered":"Results Archive 2021-2022"},"content":{"rendered":"<ul class=\"wp-block-latest-posts__list wp-block-latest-posts\"><li><a class=\"wp-block-latest-posts__post-title\" href=\"https:\/\/www.ice-dance.com\/site\/results-2022-world-junior-championships\/\">Results &#8211; 2022 World Junior Championships<\/a><\/li>\n<li><a class=\"wp-block-latest-posts__post-title\" href=\"https:\/\/www.ice-dance.com\/site\/results-2022-world-championships\/\">Results &#8211; 2022 World Championships<\/a><\/li>\n<li><a class=\"wp-block-latest-posts__post-title\" href=\"https:\/\/www.ice-dance.com\/site\/results-2022-challenge-cup\/\">Results &#8211; 2022 Challenge Cup<\/a><\/li>\n<li><a class=\"wp-block-latest-posts__post-title\" href=\"https:\/\/www.ice-dance.com\/site\/results-2022-beijing-olympics\/\">Results &#8211; 2022 Beijing Olympics<\/a><\/li>\n<li><a class=\"wp-block-latest-posts__post-title\" href=\"https:\/\/www.ice-dance.com\/site\/results-2022-winter-star\/\">Results &#8211; 2022 Winter Star<\/a><\/li>\n<li><a class=\"wp-block-latest-posts__post-title\" href=\"https:\/\/www.ice-dance.com\/site\/results-2022-jegvirag-cup\/\">Results &#8211; 2022 J\u00e9gvir\u00e1g Cup<\/a><\/li>\n<li><a class=\"wp-block-latest-posts__post-title\" href=\"https:\/\/www.ice-dance.com\/site\/results-2022-egna-dance-trophy\/\">Results &#8211; 2022 Egna Dance Trophy<\/a><\/li>\n<li><a class=\"wp-block-latest-posts__post-title\" href=\"https:\/\/www.ice-dance.com\/site\/results-2022-bavarian-open\/\">Results &#8211; 2022 Bavarian Open<\/a><\/li>\n<li><a class=\"wp-block-latest-posts__post-title\" href=\"https:\/\/www.ice-dance.com\/site\/results-2022-four-continents-championships\/\">Results &#8211; 2022 Four Continents Championships<\/a><\/li>\n<li><a class=\"wp-block-latest-posts__post-title\" href=\"https:\/\/www.ice-dance.com\/site\/results-2021-french-national-championships\/\">Results &#8211; 2021 French National Championships<\/a><\/li>\n<li><a class=\"wp-block-latest-posts__post-title\" href=\"https:\/\/www.ice-dance.com\/site\/results-2022-german-national-championships\/\">Results &#8211; 2022 German National Championships<\/a><\/li>\n<li><a class=\"wp-block-latest-posts__post-title\" href=\"https:\/\/www.ice-dance.com\/site\/results-2022-spain-national-championships\/\">Results &#8211; 2022 Spain National Championships<\/a><\/li>\n<li><a class=\"wp-block-latest-posts__post-title\" href=\"https:\/\/www.ice-dance.com\/site\/results-2022-finland-national-championships\/\">Results &#8211; 2022 Finland National Championships<\/a><\/li>\n<li><a class=\"wp-block-latest-posts__post-title\" href=\"https:\/\/www.ice-dance.com\/site\/results-2022-four-nationals-championships\/\">Results &#8211; 2022 Four Nationals Championships<\/a><\/li>\n<li><a class=\"wp-block-latest-posts__post-title\" href=\"https:\/\/www.ice-dance.com\/site\/results-2022-japan-national-championships\/\">Results &#8211; 2022 Japan National Championships<\/a><\/li>\n<li><a class=\"wp-block-latest-posts__post-title\" href=\"https:\/\/www.ice-dance.com\/site\/results-2022-european-championships\/\">Results &#8211; 2022 European Championships<\/a><\/li>\n<li><a class=\"wp-block-latest-posts__post-title\" href=\"https:\/\/www.ice-dance.com\/site\/results-2022-u-s-national-championships\/\">Results &#8211; 2022 U.S National Championships<\/a><\/li>\n<li><a class=\"wp-block-latest-posts__post-title\" href=\"https:\/\/www.ice-dance.com\/site\/results-2022-canadian-national-championships\/\">Results &#8211; 2022 Canadian National Championships<\/a><\/li>\n<li><a class=\"wp-block-latest-posts__post-title\" href=\"https:\/\/www.ice-dance.com\/site\/results-2021-golden-spin-of-zagreb-cs\/\">Results &#8211; 2021 Golden Spin of Zagreb (CS)<\/a><\/li>\n<li><a class=\"wp-block-latest-posts__post-title\" href=\"https:\/\/www.ice-dance.com\/site\/results-2021-santa-claus-cup\/\">Results &#8211; 2021 Santa Claus Cup<\/a><\/li>\n<li><a class=\"wp-block-latest-posts__post-title\" href=\"https:\/\/www.ice-dance.com\/site\/results-2021-rostelecom-cup\/\">Results &#8211; 2021 Rostelecom Cup<\/a><\/li>\n<li><a class=\"wp-block-latest-posts__post-title\" href=\"https:\/\/www.ice-dance.com\/site\/results-2021-open-andorra\/\">Results &#8211; 2021 Open Andorra<\/a><\/li>\n<li><a class=\"wp-block-latest-posts__post-title\" href=\"https:\/\/www.ice-dance.com\/site\/results-2021-gp-internationaux-de-france-de-patinage\/\">Results &#8211; 2021 GP Internationaux de France de Patinage<\/a><\/li>\n<li><a class=\"wp-block-latest-posts__post-title\" href=\"https:\/\/www.ice-dance.com\/site\/results-2021-warsaw-cup-cs\/\">Results &#8211; 2021 Warsaw Cup<\/a><\/li>\n<li><a class=\"wp-block-latest-posts__post-title\" href=\"https:\/\/www.ice-dance.com\/site\/2021-all-japan-junior-championships\/\">Results &#8211; 2021 All Japan Junior Championships<\/a><\/li>\n<li><a class=\"wp-block-latest-posts__post-title\" href=\"https:\/\/www.ice-dance.com\/site\/results-2022-u-s-championship-series-alpharetta\/\">Results &#8211; 2022 U.S. Championship Series (Alpharetta)<\/a><\/li>\n<li><a class=\"wp-block-latest-posts__post-title\" href=\"https:\/\/www.ice-dance.com\/site\/results-2021-ice-challenge-cs\/\">Results &#8211; 2021 Ice Challenge<\/a><\/li>\n<li><a class=\"wp-block-latest-posts__post-title\" href=\"https:\/\/www.ice-dance.com\/site\/results-2021-nhk-trophy\/\">Results &#8211; 2021 NHK Trophy<\/a><\/li>\n<li><a class=\"wp-block-latest-posts__post-title\" href=\"https:\/\/www.ice-dance.com\/site\/results-2021-ice-challenge\/\">Results &#8211; 2021 Ice Challenge<\/a><\/li>\n<li><a class=\"wp-block-latest-posts__post-title\" href=\"https:\/\/www.ice-dance.com\/site\/results-2021-gran-premio-ditalia\/\">Results &#8211; 2021 Gran Premio d&#8217;Italia<\/a><\/li>\n<li><a class=\"wp-block-latest-posts__post-title\" href=\"https:\/\/www.ice-dance.com\/site\/results-2021-volvo-open-cup\/\">Results &#8211; 2021 Volvo Open Cup<\/a><\/li>\n<li><a class=\"wp-block-latest-posts__post-title\" href=\"https:\/\/www.ice-dance.com\/site\/results-2021-nrw-trophy\/\">Results &#8211; 2021 NRW Trophy<\/a><\/li>\n<li><a class=\"wp-block-latest-posts__post-title\" href=\"https:\/\/www.ice-dance.com\/site\/results-2021-pavel-roman-memorial\/\">Results &#8211; 2021 Pavel Roman Memorial<\/a><\/li>\n<li><a class=\"wp-block-latest-posts__post-title\" href=\"https:\/\/www.ice-dance.com\/site\/results-2021-skate-canada\/\">Results &#8211; 2021 Skate Canada<\/a><\/li>\n<li><a class=\"wp-block-latest-posts__post-title\" href=\"https:\/\/www.ice-dance.com\/site\/results-2021-denis-ten-memorial-ic\/\">Results &#8211; 2021 Denis Ten Memorial (IC)<\/a><\/li>\n<li><a class=\"wp-block-latest-posts__post-title\" href=\"https:\/\/www.ice-dance.com\/site\/results-2021-denis-ten-memorial\/\">Results &#8211; 2021 Denis Ten Memorial<\/a><\/li>\n<li><a class=\"wp-block-latest-posts__post-title\" href=\"https:\/\/www.ice-dance.com\/site\/results-2021-autumn-talents-cup\/\">Results &#8211; 2021 Autumn Talents Cup<\/a><\/li>\n<li><a class=\"wp-block-latest-posts__post-title\" href=\"https:\/\/www.ice-dance.com\/site\/results-2021-trophee-metropole-nice-cote-dazur\/\">Results &#8211; 2021 Troph\u00e9e M\u00e9tropole Nice C\u00f4te d\u2019Azur<\/a><\/li>\n<li><a class=\"wp-block-latest-posts__post-title\" href=\"https:\/\/www.ice-dance.com\/site\/results-2021-skate-america\/\">Results &#8211; 2021 Skate America<\/a><\/li>\n<li><a class=\"wp-block-latest-posts__post-title\" href=\"https:\/\/www.ice-dance.com\/site\/results-2021-victor-petrenko-cup\/\">Results &#8211; 2021 Victor Petrenko Cup<\/a><\/li>\n<li><a class=\"wp-block-latest-posts__post-title\" href=\"https:\/\/www.ice-dance.com\/site\/results-2021-mezzaluna-cup\/\">Results &#8211; 2021 Mezzaluna Cup<\/a><\/li>\n<li><a class=\"wp-block-latest-posts__post-title\" href=\"https:\/\/www.ice-dance.com\/site\/results-2021-budapest-trophy\/\">Results &#8211; 2021 Budapest Trophy<\/a><\/li>\n<li><a class=\"wp-block-latest-posts__post-title\" href=\"https:\/\/www.ice-dance.com\/site\/results-2021-ice-star\/\">Results &#8211; 2021 Ice Star<\/a><\/li>\n<li><a class=\"wp-block-latest-posts__post-title\" href=\"https:\/\/www.ice-dance.com\/site\/results-2021-asian-open\/\">Results &#8211; 2021 Asian Open<\/a><\/li>\n<li><a class=\"wp-block-latest-posts__post-title\" href=\"https:\/\/www.ice-dance.com\/site\/results-2021-finlandia-trophy\/\">Results &#8211; 2021 Finlandia Trophy<\/a><\/li>\n<li><a class=\"wp-block-latest-posts__post-title\" href=\"https:\/\/www.ice-dance.com\/site\/results-2021-u-s-championship-series-blaine\/\">Results &#8211; 2021 U.S. Championship Series (Blaine)<\/a><\/li>\n<li><a class=\"wp-block-latest-posts__post-title\" href=\"https:\/\/www.ice-dance.com\/site\/26929-2021-jgp-linz\/\">Results &#8211; 2021 JGP Linz<\/a><\/li>\n<li><a class=\"wp-block-latest-posts__post-title\" href=\"https:\/\/www.ice-dance.com\/site\/results-2021-jgp-gdansk\/\">Results &#8211; 2021 JGP Gdansk<\/a><\/li>\n<li><a class=\"wp-block-latest-posts__post-title\" href=\"https:\/\/www.ice-dance.com\/site\/results-2021-jgp-ljubljana\/\">Results &#8211; 2021 JGP Ljubljana<\/a><\/li>\n<li><a class=\"wp-block-latest-posts__post-title\" href=\"https:\/\/www.ice-dance.com\/site\/results-2021-nebelhorn-trophy\/\">Results &#8211; 2021 Nebelhorn Trophy<\/a><\/li>\n<li><a class=\"wp-block-latest-posts__post-title\" href=\"https:\/\/www.ice-dance.com\/site\/results-2021-u-s-novice-junior-challenge-skate\/\">Results &#8211; 2021 U.S. Novice &#038; Junior Challenge Skate<\/a><\/li>\n<li><a class=\"wp-block-latest-posts__post-title\" href=\"https:\/\/www.ice-dance.com\/site\/results-2021-u-s-international-figure-skating-classic\/\">Results &#8211; 2021 U.S. International Figure Skating Classic<\/a><\/li>\n<li><a class=\"wp-block-latest-posts__post-title\" href=\"https:\/\/www.ice-dance.com\/site\/results-2021-jgp-krasnoyarsk\/\">Results &#8211; 2021 JGP Krasnoyarsk<\/a><\/li>\n<li><a class=\"wp-block-latest-posts__post-title\" href=\"https:\/\/www.ice-dance.com\/site\/results-2021-autumn-classic-international\/\">Results &#8211; 2021 Autumn Classic International<\/a><\/li>\n<li><a class=\"wp-block-latest-posts__post-title\" href=\"https:\/\/www.ice-dance.com\/site\/results-2021-lombardi-trophy-challenger-series\/\">Results &#8211; 2021 Lombardia Trophy<\/a><\/li>\n<li><a class=\"wp-block-latest-posts__post-title\" href=\"https:\/\/www.ice-dance.com\/site\/results-2021-jgp-kosice\/\">Results &#8211; 2021 JGP Kosice<\/a><\/li>\n<li><a class=\"wp-block-latest-posts__post-title\" href=\"https:\/\/www.ice-dance.com\/site\/results-2021-jgp-de-courchevel-2\/\">Results &#8211; 2021 JGP Courchevel #2<\/a><\/li>\n<li><a class=\"wp-block-latest-posts__post-title\" href=\"https:\/\/www.ice-dance.com\/site\/results-2021-august-performance-opportunity\/\">Results &#8211; 2021 August Performance Opportunity<\/a><\/li>\n<li><a class=\"wp-block-latest-posts__post-title\" href=\"https:\/\/www.ice-dance.com\/site\/results-2021-courchevel-junior-grand-prix-of-figure-skating\/\">Results &#8211; 2021 JGP Courchevel<\/a><\/li>\n<li><a class=\"wp-block-latest-posts__post-title\" href=\"https:\/\/www.ice-dance.com\/site\/results-2021-lake-placid-ice-dance-international\/\">Results &#8211; 2021 Lake Placid Ice Dance International<\/a><\/li>\n<li><a class=\"wp-block-latest-posts__post-title\" href=\"https:\/\/www.ice-dance.com\/site\/results-2021-quebec-summer-championships\/\">Results &#8211; 2021 Quebec Summer Championships<\/a><\/li>\n<li><a class=\"wp-block-latest-posts__post-title\" href=\"https:\/\/www.ice-dance.com\/site\/results-2021-chesapeake-open\/\">Results &#8211; 2021 Chesapeake Open<\/a><\/li>\n<li><a class=\"wp-block-latest-posts__post-title\" href=\"https:\/\/www.ice-dance.com\/site\/results-2021-dallas-cannon-classic\/\">Results &#8211; 2021 Dallas Cannon Classic<\/a><\/li>\n<li><a class=\"wp-block-latest-posts__post-title\" href=\"https:\/\/www.ice-dance.com\/site\/results-2021-broadmoor-open\/\">Results &#8211; 2021 Broadmoor Open<\/a><\/li>\n<\/ul>","protected":false},"excerpt":{"rendered":"","protected":false},"author":1,"featured_media":0,"parent":5136,"menu_order":0,"comment_status":"closed","ping_status":"closed","template":"","meta":{"_et_pb_use_builder":"off","_et_pb_old_content":"","_et_gb_content_width":"","_gspb_post_css":"","_uag_custom_page_level_css":"","_themeisle_gutenberg_block_has_review":false,"footnotes":"","_links_to":"","_links_to_target":""},"class_list":["post-28776","page","type-page","status-publish","hentry"],"blocksy_meta":[],"uagb_featured_image_src":{"full":false,"thumbnail":false,"medium":false,"medium_large":false,"large":false,"1536x1536":false,"2048x2048":false,"et-pb-post-main-image":false,"et-pb-post-main-image-fullwidth":false,"et-pb-portfolio-image":false,"et-pb-portfolio-module-image":false,"et-pb-portfolio-image-single":false,"et-pb-gallery-module-image-portrait":false,"rpwe-thumbnail":false},"uagb_author_info":{"display_name":"Team IDC","author_link":"https:\/\/www.ice-dance.com\/site\/author\/idcadmin\/"},"uagb_comment_info":0,"uagb_excerpt":null,"jetpack_shortlink":"https:\/\/wp.me\/P7GOSM-7u8","jetpack_sharing_enabled":true,"_links":{"self":[{"href":"https:\/\/www.ice-dance.com\/site\/wp-json\/wp\/v2\/pages\/28776","targetHints":{"allow":["GET"]}}],"collection":[{"href":"https:\/\/www.ice-dance.com\/site\/wp-json\/wp\/v2\/pages"}],"about":[{"href":"https:\/\/www.ice-dance.com\/site\/wp-json\/wp\/v2\/types\/page"}],"author":[{"embeddable":true,"href":"https:\/\/www.ice-dance.com\/site\/wp-json\/wp\/v2\/users\/1"}],"replies":[{"embeddable":true,"href":"https:\/\/www.ice-dance.com\/site\/wp-json\/wp\/v2\/comments?post=28776"}],"version-history":[{"count":3,"href":"https:\/\/www.ice-dance.com\/site\/wp-json\/wp\/v2\/pages\/28776\/revisions"}],"predecessor-version":[{"id":34357,"href":"https:\/\/www.ice-dance.com\/site\/wp-json\/wp\/v2\/pages\/28776\/revisions\/34357"}],"up":[{"embeddable":true,"href":"https:\/\/www.ice-dance.com\/site\/wp-json\/wp\/v2\/pages\/5136"}],"wp:attachment":[{"href":"https:\/\/www.ice-dance.com\/site\/wp-json\/wp\/v2\/media?parent=28776"}],"curies":[{"name":"wp","href":"https:\/\/api.w.org\/{rel}","templated":true}]}}